{"id":644,"date":"2024-09-15T14:19:58","date_gmt":"2024-09-15T14:19:58","guid":{"rendered":"https:\/\/murteiratrindade.pt\/?page_id=644"},"modified":"2024-11-30T17:55:53","modified_gmt":"2024-11-30T17:55:53","slug":"politica-de-privacidade","status":"publish","type":"page","link":"https:\/\/murteiratrindade.pt\/en\/politica-de-privacidade\/","title":{"rendered":"Privacy Policy"},"content":{"rendered":"<div data-elementor-type=\"wp-page\" data-elementor-id=\"644\" class=\"elementor elementor-644\" data-elementor-post-type=\"page\">\n\t\t\t\t<div class=\"elementor-element elementor-element-713def17 e-flex e-con-boxed e-con e-parent\" data-id=\"713def17\" data-element_type=\"container\" data-settings=\"{&quot;background_motion_fx_translateX_effect&quot;:&quot;yes&quot;,&quot;background_motion_fx_translateX_speed&quot;:{&quot;unit&quot;:&quot;px&quot;,&quot;size&quot;:4,&quot;sizes&quot;:[]},&quot;background_motion_fx_translateX_affectedRange&quot;:{&quot;unit&quot;:&quot;%&quot;,&quot;size&quot;:&quot;&quot;,&quot;sizes&quot;:{&quot;start&quot;:0,&quot;end&quot;:100}},&quot;background_motion_fx_devices&quot;:[&quot;desktop&quot;,&quot;laptop&quot;,&quot;tablet&quot;,&quot;mobile&quot;]}\">\n\t\t\t\t\t<div class=\"e-con-inner\">\n\t\t<div class=\"elementor-element elementor-element-5b6de3ba e-con-full e-flex e-con e-child\" data-id=\"5b6de3ba\" data-element_type=\"container\">\n\t\t\t\t<div class=\"elementor-element elementor-element-2752a55c elementor-widget elementor-widget-heading\" data-id=\"2752a55c\" data-element_type=\"widget\" data-widget_type=\"heading.default\">\n\t\t\t\t<div class=\"elementor-widget-container\">\n\t\t\t<h2 class=\"elementor-heading-title elementor-size-default\">Cookies Policy<\/h2>\t\t<\/div>\n\t\t\t\t<\/div>\n\t\t\t\t<\/div>\n\t\t\t\t\t<\/div>\n\t\t\t\t<\/div>\n\t\t<div class=\"elementor-element elementor-element-780b975b e-flex e-con-boxed e-con e-parent\" data-id=\"780b975b\" data-element_type=\"container\">\n\t\t\t\t\t<div class=\"e-con-inner\">\n\t\t<div class=\"elementor-element elementor-element-63f38fac e-con-full e-flex e-con e-child\" data-id=\"63f38fac\" data-element_type=\"container\">\n\t\t\t\t<div class=\"elementor-element elementor-element-31d9908 elementor-widget elementor-widget-text-editor\" data-id=\"31d9908\" data-element_type=\"widget\" data-widget_type=\"text-editor.default\">\n\t\t\t\t<div class=\"elementor-widget-container\">\n\t\t\t\t\t\t\t<h3 class=\"p1\"><span class=\"s1\">1. introduction<\/span><\/h3><p class=\"p2\"><span class=\"s1\">The Company CASA MURTEIRA E TRINDADE, LDA, in the scope of its commercial activity, needs to collect some personal data from its customers, however, it respects the right to privacy and does not collect any personal information without the prior consent of its customers.<\/span><\/p><p>A Pol\u00edtica de Privacidade da Empresa <span class=\"s1\">CASA MURTEIRA E TRINDADE, LDA<\/span> The Privacy Policy of CASA MURTEIRA E TRINDADE, LDA serves to provide a clear understanding of how we collect, use, share and protect the personal data of our customers when they use our services or visit our website.<\/p><p class=\"p2\"><span class=\"s1\">CASA MURTEIRA E TRINDADE, LDA reserves the right to modify this Privacy Policy at any time, and we therefore recommend that you consult it regularly.<\/span><\/p><h3 class=\"p2\"><span class=\"s1\">2. Nature of Personal Data<\/span><\/h3><p class=\"p2\"><span class=\"s1\">Personal data means any personal information that you may provide and that may allow us - directly or indirectly - to identify you as a natural person.<\/span><\/p><h4>\u00a0<\/h4><h3 class=\"p1\"><span class=\"s1\">3. Rights of Access, Rectification, Deletion and Opposition<\/span><\/h3><p class=\"p2\"><span class=\"s1\">Your data will be collected and processed by CASA MURTEIRA E TRINDADE, LDA, legal person number 509051120, with registered office at Av\u00aa General Lacerda Machado, N\u00ba 28 7300-523 Portalegre, Portugal. This is the company responsible for processing personal data within the meaning of Regulation (EU) 2016\/679 of the European Parliament and of the Council of April 27, 2016 (hereinafter GDPR).<\/span><\/p><p>In accordance with the GDPR, you have the right to access and rectify the information concerning you, by means of a simple written request. You can also, for legitimate reasons, object to the processing of data concerning you.<\/p><p class=\"p2\"><span class=\"s1\">To exercise one of these rights and obtain communication of the information that concerns you, simply go to:<\/span><\/p><p class=\"p2\"><span class=\"s1\">Registered letter: Casa Murteira e Trindade, Lda<br \/><\/span><span class=\"s1\">Av\u00aa General Lacerda Machado, N\u00ba 28 7300-523 Portalegre, Portugal<\/span><\/p><p class=\"p2\"><span class=\"s1\">E-mail: geral@murteiratrindade.pt<\/span><\/p><h4>\u00a0<\/h4><h3 class=\"p4\"><span class=\"s1\">4. Casa Murteira e Trindade's Commitment to Personal Data Protection<\/span><\/h3><p class=\"p2\"><span class=\"s1\">Transparency and purpose: No personal data is collected without your consent. The optional or mandatory nature of the conditions to be communicated to CASA MURTEIRA E TRINDADE, LDA within the scope of the collection made will be indicated in advance. We collect and process your personal data solely for the purposes described in these Terms and Conditions and inform you of the recipients of the data.<\/span><\/p><p class=\"p2\"><span class=\"s1\">Proportionality and relevance: We only collect and process the personal data necessary to correctly handle your contact via the forms on this website.<\/span><\/p><p class=\"p2\"><span class=\"s1\">Necessity: We only keep your personal data for the period necessary to process it.<\/span><\/p><p class=\"p2\"><span class=\"s1\">Security and Confidentiality: We undertake to take the necessary measures to guarantee the confidentiality of the data and prevent its disclosure to unauthorized third parties. In the event of data transfer to authorized third parties, we take appropriate measures to ensure the security of the transfer.<\/span><\/p><p class=\"p2\"><span class=\"s1\">Respect for your rights: You are informed of your rights of access, rectification and opposition in accordance with Regulation (EU) 2016\/679 of the European Parliament and of the Council of April 27, 2016 (hereinafter GDPR). The details of the service to be contacted are communicated below.<\/span><\/p><h3 class=\"p2\"><span class=\"s1\">5. What Personal Data is Collected?<\/span><\/h3><p class=\"p2\"><span class=\"s1\">The mandatory or optional nature of the information requested is indicated during collection by an asterisk. The requested information marked with an asterisk is mandatory because it is essential for processing your requests. The remaining information is intended to get to know you better in order to improve the services offered to you and is therefore optional.<\/span><\/p><p class=\"p2\"><span class=\"s1\">We collect and process e-mail in particular.\u00a0<\/span><\/p><p class=\"p2\"><span class=\"s1\">We do not voluntarily collect sensitive information, such as that relating to race, ethnicity, political opinions, religious and philosophical beliefs, trade union membership, health details or sexual orientation.<\/span><\/p><h4>\u00a0<\/h4><h3 class=\"p1\"><span class=\"s1\">6. When Will Your Data Be Collected?<\/span><\/h3><p class=\"p2\"><span class=\"s1\">Your personal data may be collected in different ways and, in particular, when:<\/span><\/p><ul class=\"ul1\"><li class=\"li5\"><span class=\"s1\">Contact by phone or e-mail for commercial reasons;<\/span><\/li><li class=\"li5\"><span class=\"s1\">Fill in the contact form on this website.<\/span><\/li><\/ul><p class=\"p2\"><span class=\"s1\">\u00a0<\/span><\/p><h3 class=\"p1\"><span class=\"s1\">7. What Are the Purposes of Data Collection?<\/span><\/h3><p class=\"p2\"><span class=\"s1\">CASA MURTEIRA E TRINDADE, LDA collects the data strictly necessary for the following purposes:<\/span><\/p><ul class=\"ul1\"><li class=\"li5\"><span class=\"s1\">Improving and personalizing our services;<\/span><\/li><li class=\"li5\"><span class=\"s1\">Managing and optimizing customer relations;<\/span><\/li><li class=\"li5\"><span class=\"s1\">Preparation of commercial statistics for company analysis;<\/span><\/li><li class=\"li5\"><span class=\"s1\">Managing your requests for the right of access, rectification and opposition.<\/span><\/li><\/ul><h4>\u00a0<\/h4><h3 class=\"p1\"><span class=\"s1\">08. Sharing of Personal Data<\/span><\/h3><p class=\"p2\"><span class=\"s1\">Your personal data collected by CASA MURTEIRA E TRINDADE, LDA may be transmitted to its subcontractors, for all or part of the purposes identified above, as well as for the maintenance, hosting and management of its computer systems and equipment, under the terms permitted by the legislation governing the processing of personal data, these entities being obliged to keep confidential and guarantee the security of the personal data to which they have access for this purpose, and must not use this data for any other purpose, or for their own benefit, nor relate it to other data they hold.<\/span><\/p><p>Personal data may also be made available to the courts and other competent authorities, in strict compliance with the law.<\/p><h4>\u00a0<\/h4><h3><span class=\"s1\">9. Data Retention<\/span><\/h3><p class=\"p2\"><span class=\"s1\">Os dados s\u00e3o conservados durante um per\u00edodo de tempo que n\u00e3o excede a dura\u00e7\u00e3o necess\u00e1ria das finalidades para os quais foram recolhidos.<\/span><\/p>\t\t\t\t\t\t<\/div>\n\t\t\t\t<\/div>\n\t\t\t\t<\/div>\n\t\t\t\t\t<\/div>\n\t\t\t\t<\/div>\n\t\t\t\t<\/div>","protected":false},"excerpt":{"rendered":"<p>Pol\u00edtica de Cookies 1. Introdu\u00e7\u00e3o A Empresa CASA MURTEIRA E TRINDADE, LDA, no \u00e2mbito sua atividade comercial, necessitam de recolher alguns dados pessoais dos seus clientes, no entanto, respeitam o direito \u00e0 privacidade e n\u00e3o recolhem qualquer informa\u00e7\u00e3o pessoal sem o pr\u00e9vio consentimento dos seus clientes. A Pol\u00edtica de Privacidade da Empresa CASA MURTEIRA E [&hellip;]<\/p>","protected":false},"author":1,"featured_media":0,"parent":0,"menu_order":0,"comment_status":"closed","ping_status":"closed","template":"","meta":{"_acf_changed":false,"inline_featured_image":false,"footnotes":""},"class_list":["post-644","page","type-page","status-publish","hentry"],"acf":[],"yoast_head":"<!-- This site is optimized with the Yoast SEO plugin v23.9 - https:\/\/yoast.com\/wordpress\/plugins\/seo\/ -->\n<title>Pol\u00edtica de Privacidade - Casa Murteira &amp; Trindade<\/title>\n<meta name=\"robots\" content=\"noindex, follow\" \/>\n<meta property=\"og:locale\" content=\"en_GB\" \/>\n<meta property=\"og:type\" content=\"article\" \/>\n<meta property=\"og:title\" content=\"Pol\u00edtica de Privacidade - Casa Murteira &amp; Trindade\" \/>\n<meta property=\"og:description\" content=\"Pol\u00edtica de Cookies 1. Introdu\u00e7\u00e3o A Empresa CASA MURTEIRA E TRINDADE, LDA, no \u00e2mbito sua atividade comercial, necessitam de recolher alguns dados pessoais dos seus clientes, no entanto, respeitam o direito \u00e0 privacidade e n\u00e3o recolhem qualquer informa\u00e7\u00e3o pessoal sem o pr\u00e9vio consentimento dos seus clientes. A Pol\u00edtica de Privacidade da Empresa CASA MURTEIRA E [&hellip;]\" \/>\n<meta property=\"og:url\" content=\"https:\/\/murteiratrindade.pt\/en\/politica-de-privacidade\/\" \/>\n<meta property=\"og:site_name\" content=\"Casa Murteira &amp; Trindade\" \/>\n<meta property=\"article:modified_time\" content=\"2024-11-30T17:55:53+00:00\" \/>\n<meta name=\"twitter:card\" content=\"summary_large_image\" \/>\n<meta name=\"twitter:label1\" content=\"Estimated reading time\" \/>\n\t<meta name=\"twitter:data1\" content=\"5 minutes\" \/>\n<script type=\"application\/ld+json\" class=\"yoast-schema-graph\">{\"@context\":\"https:\/\/schema.org\",\"@graph\":[{\"@type\":\"WebPage\",\"@id\":\"https:\/\/murteiratrindade.pt\/politica-de-privacidade\/\",\"url\":\"https:\/\/murteiratrindade.pt\/politica-de-privacidade\/\",\"name\":\"Pol\u00edtica de Privacidade - Casa Murteira &amp; Trindade\",\"isPartOf\":{\"@id\":\"https:\/\/murteiratrindade.pt\/#website\"},\"datePublished\":\"2024-09-15T14:19:58+00:00\",\"dateModified\":\"2024-11-30T17:55:53+00:00\",\"breadcrumb\":{\"@id\":\"https:\/\/murteiratrindade.pt\/politica-de-privacidade\/#breadcrumb\"},\"inLanguage\":\"en-GB\",\"potentialAction\":[{\"@type\":\"ReadAction\",\"target\":[\"https:\/\/murteiratrindade.pt\/politica-de-privacidade\/\"]}]},{\"@type\":\"BreadcrumbList\",\"@id\":\"https:\/\/murteiratrindade.pt\/politica-de-privacidade\/#breadcrumb\",\"itemListElement\":[{\"@type\":\"ListItem\",\"position\":1,\"name\":\"In\u00edcio\",\"item\":\"https:\/\/murteiratrindade.pt\/\"},{\"@type\":\"ListItem\",\"position\":2,\"name\":\"Pol\u00edtica de Privacidade\"}]},{\"@type\":\"WebSite\",\"@id\":\"https:\/\/murteiratrindade.pt\/#website\",\"url\":\"https:\/\/murteiratrindade.pt\/\",\"name\":\"Casa Murteira &amp; Trindade\",\"description\":\"\",\"publisher\":{\"@id\":\"https:\/\/murteiratrindade.pt\/#organization\"},\"potentialAction\":[{\"@type\":\"SearchAction\",\"target\":{\"@type\":\"EntryPoint\",\"urlTemplate\":\"https:\/\/murteiratrindade.pt\/?s={search_term_string}\"},\"query-input\":{\"@type\":\"PropertyValueSpecification\",\"valueRequired\":true,\"valueName\":\"search_term_string\"}}],\"inLanguage\":\"en-GB\"},{\"@type\":\"Organization\",\"@id\":\"https:\/\/murteiratrindade.pt\/#organization\",\"name\":\"Casa Murteira &amp; Trindade\",\"url\":\"https:\/\/murteiratrindade.pt\/\",\"logo\":{\"@type\":\"ImageObject\",\"inLanguage\":\"en-GB\",\"@id\":\"https:\/\/murteiratrindade.pt\/#\/schema\/logo\/image\/\",\"url\":\"https:\/\/murteiratrindade.pt\/wp-content\/uploads\/2024\/08\/logotipo_branco.svg\",\"contentUrl\":\"https:\/\/murteiratrindade.pt\/wp-content\/uploads\/2024\/08\/logotipo_branco.svg\",\"width\":1467,\"height\":315,\"caption\":\"Casa Murteira &amp; Trindade\"},\"image\":{\"@id\":\"https:\/\/murteiratrindade.pt\/#\/schema\/logo\/image\/\"}}]}<\/script>\n<!-- \/ Yoast SEO plugin. -->","yoast_head_json":{"title":"Pol\u00edtica de Privacidade - Casa Murteira &amp; Trindade","robots":{"index":"noindex","follow":"follow"},"og_locale":"en_GB","og_type":"article","og_title":"Pol\u00edtica de Privacidade - Casa Murteira &amp; Trindade","og_description":"Pol\u00edtica de Cookies 1. Introdu\u00e7\u00e3o A Empresa CASA MURTEIRA E TRINDADE, LDA, no \u00e2mbito sua atividade comercial, necessitam de recolher alguns dados pessoais dos seus clientes, no entanto, respeitam o direito \u00e0 privacidade e n\u00e3o recolhem qualquer informa\u00e7\u00e3o pessoal sem o pr\u00e9vio consentimento dos seus clientes. A Pol\u00edtica de Privacidade da Empresa CASA MURTEIRA E [&hellip;]","og_url":"https:\/\/murteiratrindade.pt\/en\/politica-de-privacidade\/","og_site_name":"Casa Murteira &amp; Trindade","article_modified_time":"2024-11-30T17:55:53+00:00","twitter_card":"summary_large_image","twitter_misc":{"Estimated reading time":"5 minutes"},"schema":{"@context":"https:\/\/schema.org","@graph":[{"@type":"WebPage","@id":"https:\/\/murteiratrindade.pt\/politica-de-privacidade\/","url":"https:\/\/murteiratrindade.pt\/politica-de-privacidade\/","name":"Pol\u00edtica de Privacidade - Casa Murteira &amp; Trindade","isPartOf":{"@id":"https:\/\/murteiratrindade.pt\/#website"},"datePublished":"2024-09-15T14:19:58+00:00","dateModified":"2024-11-30T17:55:53+00:00","breadcrumb":{"@id":"https:\/\/murteiratrindade.pt\/politica-de-privacidade\/#breadcrumb"},"inLanguage":"en-GB","potentialAction":[{"@type":"ReadAction","target":["https:\/\/murteiratrindade.pt\/politica-de-privacidade\/"]}]},{"@type":"BreadcrumbList","@id":"https:\/\/murteiratrindade.pt\/politica-de-privacidade\/#breadcrumb","itemListElement":[{"@type":"ListItem","position":1,"name":"In\u00edcio","item":"https:\/\/murteiratrindade.pt\/"},{"@type":"ListItem","position":2,"name":"Pol\u00edtica de Privacidade"}]},{"@type":"WebSite","@id":"https:\/\/murteiratrindade.pt\/#website","url":"https:\/\/murteiratrindade.pt\/","name":"Casa Murteira &amp; Trindade","description":"","publisher":{"@id":"https:\/\/murteiratrindade.pt\/#organization"},"potentialAction":[{"@type":"SearchAction","target":{"@type":"EntryPoint","urlTemplate":"https:\/\/murteiratrindade.pt\/?s={search_term_string}"},"query-input":{"@type":"PropertyValueSpecification","valueRequired":true,"valueName":"search_term_string"}}],"inLanguage":"en-GB"},{"@type":"Organization","@id":"https:\/\/murteiratrindade.pt\/#organization","name":"Casa Murteira &amp; Trindade","url":"https:\/\/murteiratrindade.pt\/","logo":{"@type":"ImageObject","inLanguage":"en-GB","@id":"https:\/\/murteiratrindade.pt\/#\/schema\/logo\/image\/","url":"https:\/\/murteiratrindade.pt\/wp-content\/uploads\/2024\/08\/logotipo_branco.svg","contentUrl":"https:\/\/murteiratrindade.pt\/wp-content\/uploads\/2024\/08\/logotipo_branco.svg","width":1467,"height":315,"caption":"Casa Murteira &amp; Trindade"},"image":{"@id":"https:\/\/murteiratrindade.pt\/#\/schema\/logo\/image\/"}}]}},"_links":{"self":[{"href":"https:\/\/murteiratrindade.pt\/en\/wp-json\/wp\/v2\/pages\/644","targetHints":{"allow":["GET"]}}],"collection":[{"href":"https:\/\/murteiratrindade.pt\/en\/wp-json\/wp\/v2\/pages"}],"about":[{"href":"https:\/\/murteiratrindade.pt\/en\/wp-json\/wp\/v2\/types\/page"}],"author":[{"embeddable":true,"href":"https:\/\/murteiratrindade.pt\/en\/wp-json\/wp\/v2\/users\/1"}],"replies":[{"embeddable":true,"href":"https:\/\/murteiratrindade.pt\/en\/wp-json\/wp\/v2\/comments?post=644"}],"version-history":[{"count":16,"href":"https:\/\/murteiratrindade.pt\/en\/wp-json\/wp\/v2\/pages\/644\/revisions"}],"predecessor-version":[{"id":1118,"href":"https:\/\/murteiratrindade.pt\/en\/wp-json\/wp\/v2\/pages\/644\/revisions\/1118"}],"wp:attachment":[{"href":"https:\/\/murteiratrindade.pt\/en\/wp-json\/wp\/v2\/media?parent=644"}],"curies":[{"name":"wp","href":"https:\/\/api.w.org\/{rel}","templated":true}]}}