{"id":76,"date":"2024-09-12T23:02:03","date_gmt":"2024-09-12T23:02:03","guid":{"rendered":"https:\/\/murteiratrindade.pt\/?page_id=76"},"modified":"2024-11-30T18:36:03","modified_gmt":"2024-11-30T18:36:03","slug":"homepage","status":"publish","type":"page","link":"https:\/\/murteiratrindade.pt\/en\/","title":{"rendered":"homepage"},"content":{"rendered":"<div data-elementor-type=\"wp-page\" data-elementor-id=\"76\" class=\"elementor elementor-76\" data-elementor-post-type=\"page\">\n\t\t\t\t<div class=\"elementor-element elementor-element-c9bda38 e-flex e-con-boxed e-con e-parent\" data-id=\"c9bda38\" data-element_type=\"container\" data-settings=\"{&quot;background_background&quot;:&quot;classic&quot;}\">\n\t\t\t\t\t<div class=\"e-con-inner\">\n\t\t\t\t<div class=\"elementor-element elementor-element-16e57a1 elementor-widget elementor-widget-heading\" data-id=\"16e57a1\" data-element_type=\"widget\" data-widget_type=\"heading.default\">\n\t\t\t\t<div class=\"elementor-widget-container\">\n\t\t\t<h2 class=\"elementor-heading-title elementor-size-default\">PLACES FROM S\u00c3O MAMEDE<\/h2>\t\t<\/div>\n\t\t\t\t<\/div>\n\t\t\t\t<div class=\"elementor-element elementor-element-da9ce67 elementor-widget elementor-widget-heading\" data-id=\"da9ce67\" data-element_type=\"widget\" data-widget_type=\"heading.default\">\n\t\t\t\t<div class=\"elementor-widget-container\">\n\t\t\t<h2 class=\"elementor-heading-title elementor-size-default\">HERE, WE LIVE THIS SOIL<\/h2>\t\t<\/div>\n\t\t\t\t<\/div>\n\t\t\t\t<div class=\"elementor-element elementor-element-c107f2b elementor-view-default elementor-widget elementor-widget-icon\" data-id=\"c107f2b\" data-element_type=\"widget\" data-widget_type=\"icon.default\">\n\t\t\t\t<div class=\"elementor-widget-container\">\n\t\t\t\t\t<div class=\"elementor-icon-wrapper\">\n\t\t\t<a class=\"elementor-icon elementor-animation-sink\" href=\"#content1\">\n\t\t\t<svg xmlns=\"http:\/\/www.w3.org\/2000\/svg\" viewbox=\"0 0 768.7 450.2\"><defs><style>      .cls-1 {        fill: #fff;      }    <\/style><\/defs><g><g id=\"Layer_1\"><polygon class=\"cls-1\" points=\"384.4 450.2 0 36.3 39.1 0 384.4 371.8 729.6 0 768.7 36.3 384.4 450.2\"><\/polygon><\/g><\/g><\/svg>\t\t\t<\/a>\n\t\t<\/div>\n\t\t\t\t<\/div>\n\t\t\t\t<\/div>\n\t\t\t\t\t<\/div>\n\t\t\t\t<\/div>\n\t\t<div class=\"elementor-element elementor-element-c5bbbfb e-grid e-con-full e-con e-parent\" data-id=\"c5bbbfb\" data-element_type=\"container\" id=\"content1\" data-settings=\"{&quot;background_background&quot;:&quot;classic&quot;}\">\n\t\t<div class=\"elementor-element elementor-element-2ff1ac6 e-flex e-con-boxed e-con e-child\" data-id=\"2ff1ac6\" data-element_type=\"container\" data-settings=\"{&quot;background_background&quot;:&quot;classic&quot;}\">\n\t\t\t\t\t<div class=\"e-con-inner\">\n\t\t\t\t<div class=\"elementor-element elementor-element-9f19cbc elementor-widget elementor-widget-image\" data-id=\"9f19cbc\" data-element_type=\"widget\" data-widget_type=\"image.default\">\n\t\t\t\t<div class=\"elementor-widget-container\">\n\t\t\t\t\t\t\t\t\t\t\t\t\t<img fetchpriority=\"high\" decoding=\"async\" width=\"460\" height=\"1920\" src=\"https:\/\/murteiratrindade.pt\/wp-content\/uploads\/2024\/09\/branco.png\" class=\"attachment-full size-full wp-image-1029\" alt=\"\" srcset=\"https:\/\/murteiratrindade.pt\/wp-content\/uploads\/2024\/09\/branco.png 460w, https:\/\/murteiratrindade.pt\/wp-content\/uploads\/2024\/09\/branco-72x300.png 72w, https:\/\/murteiratrindade.pt\/wp-content\/uploads\/2024\/09\/branco-245x1024.png 245w, https:\/\/murteiratrindade.pt\/wp-content\/uploads\/2024\/09\/branco-368x1536.png 368w\" sizes=\"(max-width: 460px) 100vw, 460px\" \/>\t\t\t\t\t\t\t\t\t\t\t\t\t<\/div>\n\t\t\t\t<\/div>\n\t\t\t\t<div class=\"elementor-element elementor-element-1a11a2c elementor-widget elementor-widget-image\" data-id=\"1a11a2c\" data-element_type=\"widget\" data-widget_type=\"image.default\">\n\t\t\t\t<div class=\"elementor-widget-container\">\n\t\t\t\t\t\t\t\t\t\t\t\t\t<img decoding=\"async\" width=\"459\" height=\"1920\" src=\"https:\/\/murteiratrindade.pt\/wp-content\/uploads\/2024\/09\/tinto.png\" class=\"attachment-full size-full wp-image-1030\" alt=\"\" srcset=\"https:\/\/murteiratrindade.pt\/wp-content\/uploads\/2024\/09\/tinto.png 459w, https:\/\/murteiratrindade.pt\/wp-content\/uploads\/2024\/09\/tinto-72x300.png 72w, https:\/\/murteiratrindade.pt\/wp-content\/uploads\/2024\/09\/tinto-245x1024.png 245w, https:\/\/murteiratrindade.pt\/wp-content\/uploads\/2024\/09\/tinto-367x1536.png 367w\" sizes=\"(max-width: 459px) 100vw, 459px\" \/>\t\t\t\t\t\t\t\t\t\t\t\t\t<\/div>\n\t\t\t\t<\/div>\n\t\t\t\t\t<\/div>\n\t\t\t\t<\/div>\n\t\t<div class=\"elementor-element elementor-element-c057eb5 e-flex e-con-boxed e-con e-child\" data-id=\"c057eb5\" data-element_type=\"container\" data-settings=\"{&quot;background_background&quot;:&quot;classic&quot;}\">\n\t\t\t\t\t<div class=\"e-con-inner\">\n\t\t\t\t<div class=\"elementor-element elementor-element-865619c elementor-widget elementor-widget-heading\" data-id=\"865619c\" data-element_type=\"widget\" data-widget_type=\"heading.default\">\n\t\t\t\t<div class=\"elementor-widget-container\">\n\t\t\t<h2 class=\"elementor-heading-title elementor-size-default\">WINES<\/h2>\t\t<\/div>\n\t\t\t\t<\/div>\n\t\t\t\t<div class=\"elementor-element elementor-element-081bb96 elementor-widget elementor-widget-text-editor\" data-id=\"081bb96\" data-element_type=\"widget\" data-widget_type=\"text-editor.default\">\n\t\t\t\t<div class=\"elementor-widget-container\">\n\t\t\t\t\t\t\t<p>Trindades, produced with time<\/p>\t\t\t\t\t\t<\/div>\n\t\t\t\t<\/div>\n\t\t\t\t<div class=\"elementor-element elementor-element-d397511 elementor-widget elementor-widget-premium-addon-button\" data-id=\"d397511\" data-element_type=\"widget\" data-widget_type=\"premium-addon-button.default\">\n\t\t\t\t<div class=\"elementor-widget-container\">\n\t\t\t\n\n\t\t<a class=\"premium-button premium-button-style1 premium-btn-lg premium-button-style1-right\" href=\"https:\/\/murteiratrindade.pt\/en\/vinhos\/\">\n\t\t\t<div class=\"premium-button-text-icon-wrapper\">\n\t\t\t\t\n\t\t\t\t\t<!-- Before Icon -->\n\t\t\t\t\t\t\t\t\t\t\t\t\t\t\t\t\t\t<svg class=\"premium-svg-nodraw premium-drawable-icon e-font-icon-svg e-fas-plus-circle\" aria-hidden=\"true\" viewbox=\"0 0 512 512\" xmlns=\"http:\/\/www.w3.org\/2000\/svg\"><path d=\"M256 8C119 8 8 119 8 256s111 248 248 248 248-111 248-248S393 8 256 8zm144 276c0 6.6-5.4 12-12 12h-92v92c0 6.6-5.4 12-12 12h-56c-6.6 0-12-5.4-12-12v-92h-92c-6.6 0-12-5.4-12-12v-56c0-6.6 5.4-12 12-12h92v-92c0-6.6 5.4-12 12-12h56c6.6 0 12 5.4 12 12v92h92c6.6 0 12 5.4 12 12v56z\"><\/path><\/svg>\t\t\t\t\t\t\t\t\t\t\t\t\t\t\t\n\t\t\t\t\t\t\t\t\t<span >\n\t\t\t\t\t\tMore Info\t\t\t\t\t<\/span>\n\t\t\t\t\n\t\t\t\t<!-- After Icon -->\n\t\t\t\t\t\t\t\t\t\t\t\t\t\t\t\t<\/div>\n\n\t\t\t\n\t\t\t\n\t\t\t\n\t\t<\/a>\n\n\n\t\t\t\t<\/div>\n\t\t\t\t<\/div>\n\t\t\t\t\t<\/div>\n\t\t\t\t<\/div>\n\t\t\t\t<\/div>\n\t\t<div class=\"elementor-element elementor-element-887a766 e-flex e-con-boxed e-con e-parent\" data-id=\"887a766\" data-element_type=\"container\" data-settings=\"{&quot;background_background&quot;:&quot;classic&quot;}\">\n\t\t\t\t\t<div class=\"e-con-inner\">\n\t\t\t\t<div class=\"elementor-element elementor-element-a791f14 elementor-widget elementor-widget-heading\" data-id=\"a791f14\" data-element_type=\"widget\" data-widget_type=\"heading.default\">\n\t\t\t\t<div class=\"elementor-widget-container\">\n\t\t\t<h2 class=\"elementor-heading-title elementor-size-default\">OUR VINEYARDS<\/h2>\t\t<\/div>\n\t\t\t\t<\/div>\n\t\t\t\t<div class=\"elementor-element elementor-element-6541554 elementor-widget elementor-widget-heading\" data-id=\"6541554\" data-element_type=\"widget\" data-widget_type=\"heading.default\">\n\t\t\t\t<div class=\"elementor-widget-container\">\n\t\t\t<h2 class=\"elementor-heading-title elementor-size-default\">PRIVILEGED TERROIR<\/h2>\t\t<\/div>\n\t\t\t\t<\/div>\n\t\t\t\t<div class=\"elementor-element elementor-element-a71dbc8 elementor-widget elementor-widget-premium-addon-button\" data-id=\"a71dbc8\" data-element_type=\"widget\" data-widget_type=\"premium-addon-button.default\">\n\t\t\t\t<div class=\"elementor-widget-container\">\n\t\t\t\n\n\t\t<a class=\"premium-button premium-button-style1 premium-btn-lg premium-button-style1-right\" href=\"https:\/\/murteiratrindade.pt\/en\/vinhas\/\">\n\t\t\t<div class=\"premium-button-text-icon-wrapper\">\n\t\t\t\t\n\t\t\t\t\t<!-- Before Icon -->\n\t\t\t\t\t\t\t\t\t\t\t\t\t\t\t\t\t\t<svg class=\"premium-svg-nodraw premium-drawable-icon e-font-icon-svg e-fas-plus-circle\" aria-hidden=\"true\" viewbox=\"0 0 512 512\" xmlns=\"http:\/\/www.w3.org\/2000\/svg\"><path d=\"M256 8C119 8 8 119 8 256s111 248 248 248 248-111 248-248S393 8 256 8zm144 276c0 6.6-5.4 12-12 12h-92v92c0 6.6-5.4 12-12 12h-56c-6.6 0-12-5.4-12-12v-92h-92c-6.6 0-12-5.4-12-12v-56c0-6.6 5.4-12 12-12h92v-92c0-6.6 5.4-12 12-12h56c6.6 0 12 5.4 12 12v92h92c6.6 0 12 5.4 12 12v56z\"><\/path><\/svg>\t\t\t\t\t\t\t\t\t\t\t\t\t\t\t\n\t\t\t\t\t\t\t\t\t<span >\n\t\t\t\t\t\tMore Info\t\t\t\t\t<\/span>\n\t\t\t\t\n\t\t\t\t<!-- After Icon -->\n\t\t\t\t\t\t\t\t\t\t\t\t\t\t\t\t<\/div>\n\n\t\t\t\n\t\t\t\n\t\t\t\n\t\t<\/a>\n\n\n\t\t\t\t<\/div>\n\t\t\t\t<\/div>\n\t\t\t\t\t<\/div>\n\t\t\t\t<\/div>\n\t\t<div class=\"elementor-element elementor-element-39ea4df e-flex e-con-boxed e-con e-parent\" data-id=\"39ea4df\" data-element_type=\"container\" data-settings=\"{&quot;background_background&quot;:&quot;classic&quot;}\">\n\t\t\t\t\t<div class=\"e-con-inner\">\n\t\t\t\t<div class=\"elementor-element elementor-element-ce18756 elementor-widget elementor-widget-heading\" data-id=\"ce18756\" data-element_type=\"widget\" data-widget_type=\"heading.default\">\n\t\t\t\t<div class=\"elementor-widget-container\">\n\t\t\t<h2 class=\"elementor-heading-title elementor-size-default\">THE REGION<\/h2>\t\t<\/div>\n\t\t\t\t<\/div>\n\t\t\t\t<div class=\"elementor-element elementor-element-7afb3df elementor-widget elementor-widget-heading\" data-id=\"7afb3df\" data-element_type=\"widget\" data-widget_type=\"heading.default\">\n\t\t\t\t<div class=\"elementor-widget-container\">\n\t\t\t<h2 class=\"elementor-heading-title elementor-size-default\">BIODIVERSITY AND SUSTAINABILITY<\/h2>\t\t<\/div>\n\t\t\t\t<\/div>\n\t\t\t\t<div class=\"elementor-element elementor-element-659d187 elementor-widget elementor-widget-premium-addon-button\" data-id=\"659d187\" data-element_type=\"widget\" data-widget_type=\"premium-addon-button.default\">\n\t\t\t\t<div class=\"elementor-widget-container\">\n\t\t\t\n\n\t\t<a class=\"premium-button premium-button-style1 premium-btn-lg premium-button-style1-right\" href=\"https:\/\/murteiratrindade.pt\/en\/sobre\/\">\n\t\t\t<div class=\"premium-button-text-icon-wrapper\">\n\t\t\t\t\n\t\t\t\t\t<!-- Before Icon -->\n\t\t\t\t\t\t\t\t\t\t\t\t\t\t\t\t\t\t<svg class=\"premium-svg-nodraw premium-drawable-icon e-font-icon-svg e-fas-plus-circle\" aria-hidden=\"true\" viewbox=\"0 0 512 512\" xmlns=\"http:\/\/www.w3.org\/2000\/svg\"><path d=\"M256 8C119 8 8 119 8 256s111 248 248 248 248-111 248-248S393 8 256 8zm144 276c0 6.6-5.4 12-12 12h-92v92c0 6.6-5.4 12-12 12h-56c-6.6 0-12-5.4-12-12v-92h-92c-6.6 0-12-5.4-12-12v-56c0-6.6 5.4-12 12-12h92v-92c0-6.6 5.4-12 12-12h56c6.6 0 12 5.4 12 12v92h92c6.6 0 12 5.4 12 12v56z\"><\/path><\/svg>\t\t\t\t\t\t\t\t\t\t\t\t\t\t\t\n\t\t\t\t\t\t\t\t\t<span >\n\t\t\t\t\t\tMore Info\t\t\t\t\t<\/span>\n\t\t\t\t\n\t\t\t\t<!-- After Icon -->\n\t\t\t\t\t\t\t\t\t\t\t\t\t\t\t\t<\/div>\n\n\t\t\t\n\t\t\t\n\t\t\t\n\t\t<\/a>\n\n\n\t\t\t\t<\/div>\n\t\t\t\t<\/div>\n\t\t\t\t\t<\/div>\n\t\t\t\t<\/div>\n\t\t<div class=\"elementor-element elementor-element-e71fead e-flex e-con-boxed e-con e-parent\" data-id=\"e71fead\" data-element_type=\"container\" data-settings=\"{&quot;background_background&quot;:&quot;classic&quot;}\">\n\t\t\t\t\t<div class=\"e-con-inner\">\n\t\t\t\t<div class=\"elementor-element elementor-element-6b2e8b2 elementor-widget elementor-widget-heading\" data-id=\"6b2e8b2\" data-element_type=\"widget\" data-widget_type=\"heading.default\">\n\t\t\t\t<div class=\"elementor-widget-container\">\n\t\t\t<h2 class=\"elementor-heading-title elementor-size-default\">ABOUT US<\/h2>\t\t<\/div>\n\t\t\t\t<\/div>\n\t\t\t\t<div class=\"elementor-element elementor-element-a8ca5ff elementor-widget elementor-widget-heading\" data-id=\"a8ca5ff\" data-element_type=\"widget\" data-widget_type=\"heading.default\">\n\t\t\t\t<div class=\"elementor-widget-container\">\n\t\t\t<h2 class=\"elementor-heading-title elementor-size-default\">FAMILY PASSION<\/h2>\t\t<\/div>\n\t\t\t\t<\/div>\n\t\t\t\t<div class=\"elementor-element elementor-element-b95937e elementor-widget elementor-widget-premium-addon-button\" data-id=\"b95937e\" data-element_type=\"widget\" data-widget_type=\"premium-addon-button.default\">\n\t\t\t\t<div class=\"elementor-widget-container\">\n\t\t\t\n\n\t\t<a class=\"premium-button premium-button-style1 premium-btn-lg premium-button-style1-right\" href=\"https:\/\/murteiratrindade.pt\/en\/sobre\/\">\n\t\t\t<div class=\"premium-button-text-icon-wrapper\">\n\t\t\t\t\n\t\t\t\t\t<!-- Before Icon -->\n\t\t\t\t\t\t\t\t\t\t\t\t\t\t\t\t\t\t<svg class=\"premium-svg-nodraw premium-drawable-icon e-font-icon-svg e-fas-plus-circle\" aria-hidden=\"true\" viewbox=\"0 0 512 512\" xmlns=\"http:\/\/www.w3.org\/2000\/svg\"><path d=\"M256 8C119 8 8 119 8 256s111 248 248 248 248-111 248-248S393 8 256 8zm144 276c0 6.6-5.4 12-12 12h-92v92c0 6.6-5.4 12-12 12h-56c-6.6 0-12-5.4-12-12v-92h-92c-6.6 0-12-5.4-12-12v-56c0-6.6 5.4-12 12-12h92v-92c0-6.6 5.4-12 12-12h56c6.6 0 12 5.4 12 12v92h92c6.6 0 12 5.4 12 12v56z\"><\/path><\/svg>\t\t\t\t\t\t\t\t\t\t\t\t\t\t\t\n\t\t\t\t\t\t\t\t\t<span >\n\t\t\t\t\t\tMore Info\t\t\t\t\t<\/span>\n\t\t\t\t\n\t\t\t\t<!-- After Icon -->\n\t\t\t\t\t\t\t\t\t\t\t\t\t\t\t\t<\/div>\n\n\t\t\t\n\t\t\t\n\t\t\t\n\t\t<\/a>\n\n\n\t\t\t\t<\/div>\n\t\t\t\t<\/div>\n\t\t\t\t\t<\/div>\n\t\t\t\t<\/div>\n\t\t<div class=\"elementor-element elementor-element-14ba084 e-con-full e-flex e-con e-parent\" data-id=\"14ba084\" data-element_type=\"container\" data-settings=\"{&quot;background_background&quot;:&quot;classic&quot;}\">\n\t\t<div class=\"elementor-element elementor-element-3f26204 e-con-full e-flex e-con e-child\" data-id=\"3f26204\" data-element_type=\"container\" data-settings=\"{&quot;background_background&quot;:&quot;classic&quot;}\">\n\t\t\t\t<\/div>\n\t\t<div class=\"elementor-element elementor-element-ee32318 e-con-full e-flex e-con e-child\" data-id=\"ee32318\" data-element_type=\"container\">\n\t\t\t\t<div class=\"elementor-element elementor-element-806402a elementor-widget elementor-widget-heading\" data-id=\"806402a\" data-element_type=\"widget\" data-widget_type=\"heading.default\">\n\t\t\t\t<div class=\"elementor-widget-container\">\n\t\t\t<h2 class=\"elementor-heading-title elementor-size-default\">Contrary to wine, doubts aren't meant to ferment. Talk to us.<\/h2>\t\t<\/div>\n\t\t\t\t<\/div>\n\t\t\t\t<div class=\"elementor-element elementor-element-cd63bb4 elementor-widget elementor-widget-premium-addon-button\" data-id=\"cd63bb4\" data-element_type=\"widget\" data-widget_type=\"premium-addon-button.default\">\n\t\t\t\t<div class=\"elementor-widget-container\">\n\t\t\t\n\n\t\t<a class=\"premium-button premium-button-style1 premium-btn-lg premium-button-style1-right\" href=\"https:\/\/murteiratrindade.pt\/en\/contactos\/\">\n\t\t\t<div class=\"premium-button-text-icon-wrapper\">\n\t\t\t\t\n\t\t\t\t\t<!-- Before Icon -->\n\t\t\t\t\t\t\t\t\t\t\t\t\t\t\t\t\t\t<svg class=\"premium-svg-nodraw premium-drawable-icon e-font-icon-svg e-fas-plus-circle\" aria-hidden=\"true\" viewbox=\"0 0 512 512\" xmlns=\"http:\/\/www.w3.org\/2000\/svg\"><path d=\"M256 8C119 8 8 119 8 256s111 248 248 248 248-111 248-248S393 8 256 8zm144 276c0 6.6-5.4 12-12 12h-92v92c0 6.6-5.4 12-12 12h-56c-6.6 0-12-5.4-12-12v-92h-92c-6.6 0-12-5.4-12-12v-56c0-6.6 5.4-12 12-12h92v-92c0-6.6 5.4-12 12-12h56c6.6 0 12 5.4 12 12v92h92c6.6 0 12 5.4 12 12v56z\"><\/path><\/svg>\t\t\t\t\t\t\t\t\t\t\t\t\t\t\t\n\t\t\t\t\t\t\t\t\t<span >\n\t\t\t\t\t\tContacts\t\t\t\t\t<\/span>\n\t\t\t\t\n\t\t\t\t<!-- After Icon -->\n\t\t\t\t\t\t\t\t\t\t\t\t\t\t\t\t<\/div>\n\n\t\t\t\n\t\t\t\n\t\t\t\n\t\t<\/a>\n\n\n\t\t\t\t<\/div>\n\t\t\t\t<\/div>\n\t\t\t\t<\/div>\n\t\t\t\t<\/div>\n\t\t\t\t<\/div>","protected":false},"excerpt":{"rendered":"<p>LUGARES DE S\u00c3O MAMEDE AQUI, VIVEMOS ESTE CH\u00c3O VINHOS Trindades, produzido com tempo Mais info AS NOSSAS VINHAS TERROIR PRIVILEGIADO Mais info A REGI\u00c3O BIODIVERSIDADE E SUSTENTABILIDADE Mais info SOBRE N\u00d3S PAIX\u00c3O FAMILIAR Mais info Ao contr\u00e1rio do vinho, as d\u00favidas n\u00e3o s\u00e3o para fermentar. Fale connosco. Contactos<\/p>","protected":false},"author":1,"featured_media":1002,"parent":0,"menu_order":0,"comment_status":"closed","ping_status":"closed","template":"elementor_header_footer","meta":{"_acf_changed":false,"inline_featured_image":false,"footnotes":""},"class_list":["post-76","page","type-page","status-publish","has-post-thumbnail","hentry"],"acf":[],"yoast_head":"<!-- This site is optimized with the Yoast SEO plugin v23.9 - https:\/\/yoast.com\/wordpress\/plugins\/seo\/ -->\n<title>Casa Murteira &amp; Trindade - Vinhos de Altitude e Excel\u00eancia<\/title>\n<meta name=\"description\" content=\"A Casa Murteira &amp; Trindade Produz Vinhos de Altitude. Uma excel\u00eancia proporcionada pelo terroir privilegiado da Serra de S\u00e3o Mamede.\" \/>\n<meta name=\"robots\" content=\"index, follow, max-snippet:-1, max-image-preview:large, max-video-preview:-1\" \/>\n<link rel=\"canonical\" href=\"https:\/\/murteiratrindade.pt\/en\/\" \/>\n<meta property=\"og:locale\" content=\"en_GB\" \/>\n<meta property=\"og:type\" content=\"article\" \/>\n<meta property=\"og:title\" content=\"Casa Murteira &amp; Trindade - Vinhos de Altitude e Excel\u00eancia\" \/>\n<meta property=\"og:description\" content=\"A Casa Murteira &amp; Trindade Produz Vinhos de Altitude. Uma excel\u00eancia proporcionada pelo terroir privilegiado da Serra de S\u00e3o Mamede.\" \/>\n<meta property=\"og:url\" content=\"https:\/\/murteiratrindade.pt\/en\/\" \/>\n<meta property=\"og:site_name\" content=\"Casa Murteira &amp; Trindade\" \/>\n<meta property=\"article:modified_time\" content=\"2024-11-30T18:36:03+00:00\" \/>\n<meta property=\"og:image\" content=\"https:\/\/murteiratrindade.pt\/wp-content\/uploads\/2024\/10\/vm22-scaled.jpg\" \/>\n\t<meta property=\"og:image:width\" content=\"2560\" \/>\n\t<meta property=\"og:image:height\" content=\"1440\" \/>\n\t<meta property=\"og:image:type\" content=\"image\/jpeg\" \/>\n<meta name=\"twitter:card\" content=\"summary_large_image\" \/>\n<meta name=\"twitter:label1\" content=\"Estimated reading time\" \/>\n\t<meta name=\"twitter:data1\" content=\"1 minute\" \/>\n<script type=\"application\/ld+json\" class=\"yoast-schema-graph\">{\"@context\":\"https:\/\/schema.org\",\"@graph\":[{\"@type\":\"WebPage\",\"@id\":\"https:\/\/murteiratrindade.pt\/\",\"url\":\"https:\/\/murteiratrindade.pt\/\",\"name\":\"Casa Murteira & Trindade - Vinhos de Altitude e Excel\u00eancia\",\"isPartOf\":{\"@id\":\"https:\/\/murteiratrindade.pt\/#website\"},\"primaryImageOfPage\":{\"@id\":\"https:\/\/murteiratrindade.pt\/#primaryimage\"},\"image\":{\"@id\":\"https:\/\/murteiratrindade.pt\/#primaryimage\"},\"thumbnailUrl\":\"https:\/\/murteiratrindade.pt\/wp-content\/uploads\/2024\/10\/vm22-scaled.jpg\",\"datePublished\":\"2024-09-12T23:02:03+00:00\",\"dateModified\":\"2024-11-30T18:36:03+00:00\",\"description\":\"A Casa Murteira & Trindade Produz Vinhos de Altitude. Uma excel\u00eancia proporcionada pelo terroir privilegiado da Serra de S\u00e3o Mamede.\",\"breadcrumb\":{\"@id\":\"https:\/\/murteiratrindade.pt\/#breadcrumb\"},\"inLanguage\":\"en-GB\",\"potentialAction\":[{\"@type\":\"ReadAction\",\"target\":[\"https:\/\/murteiratrindade.pt\/\"]}]},{\"@type\":\"ImageObject\",\"inLanguage\":\"en-GB\",\"@id\":\"https:\/\/murteiratrindade.pt\/#primaryimage\",\"url\":\"https:\/\/murteiratrindade.pt\/wp-content\/uploads\/2024\/10\/vm22-scaled.jpg\",\"contentUrl\":\"https:\/\/murteiratrindade.pt\/wp-content\/uploads\/2024\/10\/vm22-scaled.jpg\",\"width\":2560,\"height\":1440},{\"@type\":\"BreadcrumbList\",\"@id\":\"https:\/\/murteiratrindade.pt\/#breadcrumb\",\"itemListElement\":[{\"@type\":\"ListItem\",\"position\":1,\"name\":\"In\u00edcio\",\"item\":\"https:\/\/murteiratrindade.pt\/\"},{\"@type\":\"ListItem\",\"position\":2,\"name\":\"homepage\"}]},{\"@type\":\"WebSite\",\"@id\":\"https:\/\/murteiratrindade.pt\/#website\",\"url\":\"https:\/\/murteiratrindade.pt\/\",\"name\":\"Casa Murteira &amp; Trindade\",\"description\":\"\",\"publisher\":{\"@id\":\"https:\/\/murteiratrindade.pt\/#organization\"},\"potentialAction\":[{\"@type\":\"SearchAction\",\"target\":{\"@type\":\"EntryPoint\",\"urlTemplate\":\"https:\/\/murteiratrindade.pt\/?s={search_term_string}\"},\"query-input\":{\"@type\":\"PropertyValueSpecification\",\"valueRequired\":true,\"valueName\":\"search_term_string\"}}],\"inLanguage\":\"en-GB\"},{\"@type\":\"Organization\",\"@id\":\"https:\/\/murteiratrindade.pt\/#organization\",\"name\":\"Casa Murteira &amp; Trindade\",\"url\":\"https:\/\/murteiratrindade.pt\/\",\"logo\":{\"@type\":\"ImageObject\",\"inLanguage\":\"en-GB\",\"@id\":\"https:\/\/murteiratrindade.pt\/#\/schema\/logo\/image\/\",\"url\":\"https:\/\/murteiratrindade.pt\/wp-content\/uploads\/2024\/08\/logotipo_branco.svg\",\"contentUrl\":\"https:\/\/murteiratrindade.pt\/wp-content\/uploads\/2024\/08\/logotipo_branco.svg\",\"width\":1467,\"height\":315,\"caption\":\"Casa Murteira &amp; Trindade\"},\"image\":{\"@id\":\"https:\/\/murteiratrindade.pt\/#\/schema\/logo\/image\/\"}}]}<\/script>\n<!-- \/ Yoast SEO plugin. -->","yoast_head_json":{"title":"Casa Murteira & Trindade - Vinhos de Altitude e Excel\u00eancia","description":"A Casa Murteira & Trindade Produz Vinhos de Altitude. Uma excel\u00eancia proporcionada pelo terroir privilegiado da Serra de S\u00e3o Mamede.","robots":{"index":"index","follow":"follow","max-snippet":"max-snippet:-1","max-image-preview":"max-image-preview:large","max-video-preview":"max-video-preview:-1"},"canonical":"https:\/\/murteiratrindade.pt\/en\/","og_locale":"en_GB","og_type":"article","og_title":"Casa Murteira & Trindade - Vinhos de Altitude e Excel\u00eancia","og_description":"A Casa Murteira & Trindade Produz Vinhos de Altitude. Uma excel\u00eancia proporcionada pelo terroir privilegiado da Serra de S\u00e3o Mamede.","og_url":"https:\/\/murteiratrindade.pt\/en\/","og_site_name":"Casa Murteira &amp; Trindade","article_modified_time":"2024-11-30T18:36:03+00:00","og_image":[{"width":2560,"height":1440,"url":"https:\/\/murteiratrindade.pt\/wp-content\/uploads\/2024\/10\/vm22-scaled.jpg","type":"image\/jpeg"}],"twitter_card":"summary_large_image","twitter_misc":{"Estimated reading time":"1 minute"},"schema":{"@context":"https:\/\/schema.org","@graph":[{"@type":"WebPage","@id":"https:\/\/murteiratrindade.pt\/","url":"https:\/\/murteiratrindade.pt\/","name":"Casa Murteira & Trindade - Vinhos de Altitude e Excel\u00eancia","isPartOf":{"@id":"https:\/\/murteiratrindade.pt\/#website"},"primaryImageOfPage":{"@id":"https:\/\/murteiratrindade.pt\/#primaryimage"},"image":{"@id":"https:\/\/murteiratrindade.pt\/#primaryimage"},"thumbnailUrl":"https:\/\/murteiratrindade.pt\/wp-content\/uploads\/2024\/10\/vm22-scaled.jpg","datePublished":"2024-09-12T23:02:03+00:00","dateModified":"2024-11-30T18:36:03+00:00","description":"A Casa Murteira & Trindade Produz Vinhos de Altitude. Uma excel\u00eancia proporcionada pelo terroir privilegiado da Serra de S\u00e3o Mamede.","breadcrumb":{"@id":"https:\/\/murteiratrindade.pt\/#breadcrumb"},"inLanguage":"en-GB","potentialAction":[{"@type":"ReadAction","target":["https:\/\/murteiratrindade.pt\/"]}]},{"@type":"ImageObject","inLanguage":"en-GB","@id":"https:\/\/murteiratrindade.pt\/#primaryimage","url":"https:\/\/murteiratrindade.pt\/wp-content\/uploads\/2024\/10\/vm22-scaled.jpg","contentUrl":"https:\/\/murteiratrindade.pt\/wp-content\/uploads\/2024\/10\/vm22-scaled.jpg","width":2560,"height":1440},{"@type":"BreadcrumbList","@id":"https:\/\/murteiratrindade.pt\/#breadcrumb","itemListElement":[{"@type":"ListItem","position":1,"name":"In\u00edcio","item":"https:\/\/murteiratrindade.pt\/"},{"@type":"ListItem","position":2,"name":"homepage"}]},{"@type":"WebSite","@id":"https:\/\/murteiratrindade.pt\/#website","url":"https:\/\/murteiratrindade.pt\/","name":"Casa Murteira &amp; Trindade","description":"","publisher":{"@id":"https:\/\/murteiratrindade.pt\/#organization"},"potentialAction":[{"@type":"SearchAction","target":{"@type":"EntryPoint","urlTemplate":"https:\/\/murteiratrindade.pt\/?s={search_term_string}"},"query-input":{"@type":"PropertyValueSpecification","valueRequired":true,"valueName":"search_term_string"}}],"inLanguage":"en-GB"},{"@type":"Organization","@id":"https:\/\/murteiratrindade.pt\/#organization","name":"Casa Murteira &amp; Trindade","url":"https:\/\/murteiratrindade.pt\/","logo":{"@type":"ImageObject","inLanguage":"en-GB","@id":"https:\/\/murteiratrindade.pt\/#\/schema\/logo\/image\/","url":"https:\/\/murteiratrindade.pt\/wp-content\/uploads\/2024\/08\/logotipo_branco.svg","contentUrl":"https:\/\/murteiratrindade.pt\/wp-content\/uploads\/2024\/08\/logotipo_branco.svg","width":1467,"height":315,"caption":"Casa Murteira &amp; Trindade"},"image":{"@id":"https:\/\/murteiratrindade.pt\/#\/schema\/logo\/image\/"}}]}},"_links":{"self":[{"href":"https:\/\/murteiratrindade.pt\/en\/wp-json\/wp\/v2\/pages\/76","targetHints":{"allow":["GET"]}}],"collection":[{"href":"https:\/\/murteiratrindade.pt\/en\/wp-json\/wp\/v2\/pages"}],"about":[{"href":"https:\/\/murteiratrindade.pt\/en\/wp-json\/wp\/v2\/types\/page"}],"author":[{"embeddable":true,"href":"https:\/\/murteiratrindade.pt\/en\/wp-json\/wp\/v2\/users\/1"}],"replies":[{"embeddable":true,"href":"https:\/\/murteiratrindade.pt\/en\/wp-json\/wp\/v2\/comments?post=76"}],"version-history":[{"count":190,"href":"https:\/\/murteiratrindade.pt\/en\/wp-json\/wp\/v2\/pages\/76\/revisions"}],"predecessor-version":[{"id":1666,"href":"https:\/\/murteiratrindade.pt\/en\/wp-json\/wp\/v2\/pages\/76\/revisions\/1666"}],"wp:featuredmedia":[{"embeddable":true,"href":"https:\/\/murteiratrindade.pt\/en\/wp-json\/wp\/v2\/media\/1002"}],"wp:attachment":[{"href":"https:\/\/murteiratrindade.pt\/en\/wp-json\/wp\/v2\/media?parent=76"}],"curies":[{"name":"wp","href":"https:\/\/api.w.org\/{rel}","templated":true}]}}